{"id":5155,"date":"2024-10-20T12:36:49","date_gmt":"2024-10-20T12:36:49","guid":{"rendered":"https:\/\/fanway.tv\/?page_id=5155"},"modified":"2024-11-01T17:56:49","modified_gmt":"2024-11-01T17:56:49","slug":"wywiady","status":"publish","type":"page","link":"https:\/\/fanway.tv\/en\/wywiady\/","title":{"rendered":"Interviews"},"content":{"rendered":"<div data-elementor-type=\"wp-page\" data-elementor-id=\"5155\" class=\"elementor elementor-5155\" data-elementor-post-type=\"page\">\n\t\t\t\t\t\t<section class=\"elementor-section elementor-top-section elementor-element elementor-element-760e67c hide-heading-control elementor-section-boxed elementor-section-height-default elementor-section-height-default\" data-id=\"760e67c\" data-element_type=\"section\">\n\t\t\t\t\t\t<div class=\"elementor-container elementor-column-gap-no\">\n\t\t\t\t\t<div class=\"elementor-column elementor-col-100 elementor-top-column elementor-element elementor-element-70f2016\" data-id=\"70f2016\" data-element_type=\"column\">\n\t\t\t<div class=\"elementor-widget-wrap elementor-element-populated\">\n\t\t\t\t\t\t<div class=\"elementor-element elementor-element-71969ee elementor-widget elementor-widget-beeteam368_slider_addon\" data-id=\"71969ee\" data-element_type=\"widget\" data-widget_type=\"beeteam368_slider_addon.default\">\n\t\t\t\t<div class=\"elementor-widget-container\">\n\t\t\t\t\t<div class=\"top-section-title has-icon\">\r\n                            <span class=\"beeteam368-icon-item\" ><i class=\"fas fa-microphone\"><\/i><\/span><a href=\"\/en\/audycje\/\" class=\"sub-title-link\"  ><span class=\"sub-title font-main\" >All TV shows<\/span><\/a>\r\n                            <h2 class=\"h1 h3-mobile main-title-heading\" >                            \r\n                                <span class=\"main-title\">Ostatnie wywiady<\/span> <span class=\"hd-line\" ><\/span>\r\n                            <\/h2>\r\n                        <\/div>\t\t\t\t<\/div>\n\t\t\t\t<\/div>\n\t\t\t\t\t<\/div>\n\t\t<\/div>\n\t\t\t\t\t<\/div>\n\t\t<\/section>\n\t\t\t\t<section class=\"elementor-section elementor-top-section elementor-element elementor-element-54b2b8d hide-heading-control elementor-section-boxed elementor-section-height-default elementor-section-height-default\" data-id=\"54b2b8d\" data-element_type=\"section\">\n\t\t\t\t\t\t<div class=\"elementor-container elementor-column-gap-no\">\n\t\t\t\t\t<div class=\"elementor-column elementor-col-100 elementor-top-column elementor-element elementor-element-21ef191\" data-id=\"21ef191\" data-element_type=\"column\">\n\t\t\t<div class=\"elementor-widget-wrap elementor-element-populated\">\n\t\t\t\t\t\t<div class=\"elementor-element elementor-element-adf889b elementor-widget elementor-widget-beeteam368_slider_addon\" data-id=\"adf889b\" data-element_type=\"widget\" data-widget_type=\"beeteam368_slider_addon.default\">\n\t\t\t\t<div class=\"elementor-widget-container\">\n\t\t\t\t\t<div class=\"top-section-title has-icon\">\r\n                            <span class=\"beeteam368-icon-item\" ><i class=\"fas fa-baseball-ball\"><\/i><\/span><a href=\"\/en\/futsalowe-rozmowy\/\" class=\"sub-title-link\"  ><span class=\"sub-title font-main\" >All programms<\/span><\/a>\r\n                            <h2 class=\"h1 h3-mobile main-title-heading\" >                            \r\n                                <span class=\"main-title\">Futsalowe rozmowy<\/span> <span class=\"hd-line\" ><\/span>\r\n                            <\/h2>\r\n                        <\/div>\t\t\t\t<\/div>\n\t\t\t\t<\/div>\n\t\t\t\t\t<\/div>\n\t\t<\/div>\n\t\t\t\t\t<\/div>\n\t\t<\/section>\n\t\t\t\t<section class=\"elementor-section elementor-top-section elementor-element elementor-element-53d86c2 hide-heading-control elementor-section-boxed elementor-section-height-default elementor-section-height-default\" data-id=\"53d86c2\" data-element_type=\"section\">\n\t\t\t\t\t\t<div class=\"elementor-container elementor-column-gap-no\">\n\t\t\t\t\t<div class=\"elementor-column elementor-col-100 elementor-top-column elementor-element elementor-element-120b473\" data-id=\"120b473\" data-element_type=\"column\">\n\t\t\t<div class=\"elementor-widget-wrap elementor-element-populated\">\n\t\t\t\t\t\t<div class=\"elementor-element elementor-element-6a06de5 elementor-widget elementor-widget-beeteam368_slider_addon\" data-id=\"6a06de5\" data-element_type=\"widget\" data-widget_type=\"beeteam368_slider_addon.default\">\n\t\t\t\t<div class=\"elementor-widget-container\">\n\t\t\t\t\t<div class=\"top-section-title has-icon\">\r\n                            <span class=\"beeteam368-icon-item\" ><i class=\"fab fa-intercom\"><\/i><\/span><a href=\"\/en\/wywiady-meczowe\/\" class=\"sub-title-link\"  ><span class=\"sub-title font-main\" >All programms<\/span><\/a>\r\n                            <h2 class=\"h1 h3-mobile main-title-heading\" >                            \r\n                                <span class=\"main-title\">Match interviews<\/span> <span class=\"hd-line\" ><\/span>\r\n                            <\/h2>\r\n                        <\/div>\t\t\t\t<\/div>\n\t\t\t\t<\/div>\n\t\t\t\t\t<\/div>\n\t\t<\/div>\n\t\t\t\t\t<\/div>\n\t\t<\/section>\n\t\t\t\t<\/div>","protected":false},"excerpt":{"rendered":"<p>Wszystkie audycje Ostatnie wywiady October 19, 2024 Futsalowe rozmowy #36 &#8211; Wiktor Grzywaczewski (Gwiazda Ruda \u015al\u0105ska) 0 reactions 0 comments October 19, 2024 Futsalowe rozmowy #35 &#8211; Mi\u0142osz Kocot (Szczeci\u0144ska Akademia Futsalu) 0 reactions 0 comments October 19, 2024 Futsalowe rozmowy #34 &#8211; Wojciech Pi\u0119ta (Team L\u0119bork) 0 reactions 0 comments October 19, 2024 Futsalowe&#8230;<\/p>","protected":false},"author":1,"featured_media":0,"parent":0,"menu_order":0,"comment_status":"closed","ping_status":"closed","template":"page-templates\/blank-page-template.php","meta":{"_monsterinsights_skip_tracking":false,"_monsterinsights_sitenote_active":false,"_monsterinsights_sitenote_note":"","_monsterinsights_sitenote_category":0,"footnotes":""},"class_list":["post-5155","page","type-page","status-publish","hentry"],"aioseo_notices":[],"_links":{"self":[{"href":"https:\/\/fanway.tv\/en\/wp-json\/wp\/v2\/pages\/5155","targetHints":{"allow":["GET"]}}],"collection":[{"href":"https:\/\/fanway.tv\/en\/wp-json\/wp\/v2\/pages"}],"about":[{"href":"https:\/\/fanway.tv\/en\/wp-json\/wp\/v2\/types\/page"}],"author":[{"embeddable":true,"href":"https:\/\/fanway.tv\/en\/wp-json\/wp\/v2\/users\/1"}],"replies":[{"embeddable":true,"href":"https:\/\/fanway.tv\/en\/wp-json\/wp\/v2\/comments?post=5155"}],"version-history":[{"count":38,"href":"https:\/\/fanway.tv\/en\/wp-json\/wp\/v2\/pages\/5155\/revisions"}],"predecessor-version":[{"id":5463,"href":"https:\/\/fanway.tv\/en\/wp-json\/wp\/v2\/pages\/5155\/revisions\/5463"}],"wp:attachment":[{"href":"https:\/\/fanway.tv\/en\/wp-json\/wp\/v2\/media?parent=5155"}],"curies":[{"name":"wp","href":"https:\/\/api.w.org\/{rel}","templated":true}]}}