{"id":3812,"date":"2024-07-13T09:03:38","date_gmt":"2024-07-13T09:03:38","guid":{"rendered":"https:\/\/streamtest.pl\/?page_id=3812"},"modified":"2025-06-13T19:07:57","modified_gmt":"2025-06-13T18:07:57","slug":"o-nas","status":"publish","type":"page","link":"https:\/\/fanway.tv\/en\/o-nas\/","title":{"rendered":"About us"},"content":{"rendered":"<div data-elementor-type=\"wp-page\" data-elementor-id=\"3812\" class=\"elementor elementor-3812\" data-elementor-post-type=\"page\">\n\t\t\t\t<div class=\"elementor-element elementor-element-377391f9 e-con-full e-flex e-con e-parent\" data-id=\"377391f9\" data-element_type=\"container\">\n\t\t\t\t<div class=\"elementor-element elementor-element-a41aeb3 elementor-widget elementor-widget-text-editor\" data-id=\"a41aeb3\" data-element_type=\"widget\" data-widget_type=\"text-editor.default\">\n\t\t\t\t<div class=\"elementor-widget-container\">\n\t\t\t\t\t\t\t\t\t<h2>Beneficiaries:<\/h2><p>The owner of the website fanway.tv is Stream Vibes Sp. z o. o. with its registered office in Z\u0105bki, entered into the National Court Register in Warsaw under the number<br \/>KRS 0000846619,<br \/>NIP 1251707631.<br \/>Regon 386527171.<br \/><!-- \/wp:paragraph --><\/p><p><!-- wp:heading --><\/p><h2>Contact details:<\/h2><p>Stream Vibes Sp. z o.o.<br \/>Powsta\u0144c\u00f3w 60 lok. 122<br \/>05-091 Z\u0105bki<br \/>email: info@streamvibes.pl<br \/>WWW: streamvibes.pl<br \/><!-- \/wp:paragraph --><\/p><p><!-- wp:heading --><\/p><h2>Media:<\/h2><p><!-- \/wp:heading --><\/p><p>The competent authority for audiovisual matters is the National Broadcasting Council.<!-- \/wp:paragraph --><\/p><p>Krajowa Rada Radiofonii i Telewizji<br \/>Skwer Ks. Kardyna\u0142a Stefana Wyszy\u0144skiego 9<br \/>01-015 Warszawa<br \/>tel. (22) 597-30-00<br \/>WWW: krrit.gov.pl<br \/><!-- \/wp:paragraph --><\/p><h2>Management:<\/h2><p><!-- \/wp:heading --><\/p><p>The Management Board of Stream Vibes Sp. z o. o. include:<\/p><p>Witold Soko\u0142owski<br \/>Marzena Soko\u0142owska<\/p><p>The actual beneficiaries of fanway.tv media services are:<\/p><p>Witold Soko\u0142owski<br \/>Marzena Soko\u0142owska<\/p><p>Information about beneficial owners is available on the website <a href=\"https:\/\/crbr.podatki.gov.pl\/\">https:\/\/crbr.podatki.gov.pl\/<\/a><\/p>\t\t\t\t\t\t\t\t<\/div>\n\t\t\t\t<\/div>\n\t\t\t\t<\/div>\n\t\t\t\t<\/div>","protected":false},"excerpt":{"rendered":"<p>Beneficjenci W\u0142a\u015bcicielem serwisu pod nazw\u0105 fanway.tv jest firma Stream Vibes Sp. z o.o. z siedzib\u0105 w Z\u0105bkach, wpisana do Krajowego Rejestru S\u0105dowego w Warszawie pod numeremKRS 0000846619,NIP 1251707631.Regon 386527171. Dane kontaktowe: Stream Vibes Sp. z o.o.Powsta\u0144c\u00f3w 60 lok. 12205-091 Z\u0105bkiemail: info@streamvibes.plWWW: streamvibes.pl Media: Organem w\u0142a\u015bciwym w sprawach audiowizualnych jest Krajowa Rada Radiofonii i Telewizji. Krajowa&#8230;<\/p>","protected":false},"author":1,"featured_media":0,"parent":0,"menu_order":0,"comment_status":"closed","ping_status":"closed","template":"","meta":{"_monsterinsights_skip_tracking":false,"_monsterinsights_sitenote_active":false,"_monsterinsights_sitenote_note":"","_monsterinsights_sitenote_category":0,"footnotes":""},"class_list":["post-3812","page","type-page","status-publish","hentry"],"aioseo_notices":[],"_links":{"self":[{"href":"https:\/\/fanway.tv\/en\/wp-json\/wp\/v2\/pages\/3812","targetHints":{"allow":["GET"]}}],"collection":[{"href":"https:\/\/fanway.tv\/en\/wp-json\/wp\/v2\/pages"}],"about":[{"href":"https:\/\/fanway.tv\/en\/wp-json\/wp\/v2\/types\/page"}],"author":[{"embeddable":true,"href":"https:\/\/fanway.tv\/en\/wp-json\/wp\/v2\/users\/1"}],"replies":[{"embeddable":true,"href":"https:\/\/fanway.tv\/en\/wp-json\/wp\/v2\/comments?post=3812"}],"version-history":[{"count":213,"href":"https:\/\/fanway.tv\/en\/wp-json\/wp\/v2\/pages\/3812\/revisions"}],"predecessor-version":[{"id":6863,"href":"https:\/\/fanway.tv\/en\/wp-json\/wp\/v2\/pages\/3812\/revisions\/6863"}],"wp:attachment":[{"href":"https:\/\/fanway.tv\/en\/wp-json\/wp\/v2\/media?parent=3812"}],"curies":[{"name":"wp","href":"https:\/\/api.w.org\/{rel}","templated":true}]}}