{"id":3809,"date":"2024-07-13T09:02:52","date_gmt":"2024-07-13T09:02:52","guid":{"rendered":"https:\/\/streamtest.pl\/?page_id=3809"},"modified":"2025-06-13T19:56:48","modified_gmt":"2025-06-13T18:56:48","slug":"ciasteczka","status":"publish","type":"page","link":"https:\/\/fanway.tv\/en\/ciasteczka\/","title":{"rendered":"Cookies"},"content":{"rendered":"<div data-elementor-type=\"wp-page\" data-elementor-id=\"3809\" class=\"elementor elementor-3809\" data-elementor-post-type=\"page\">\n\t\t\t\t<div class=\"elementor-element elementor-element-4d9131e2 e-con-full e-flex e-con e-parent\" data-id=\"4d9131e2\" data-element_type=\"container\">\n\t\t\t\t<div class=\"elementor-element elementor-element-5384d858 elementor-widget elementor-widget-text-editor\" data-id=\"5384d858\" data-element_type=\"widget\" data-widget_type=\"text-editor.default\">\n\t\t\t\t<div class=\"elementor-widget-container\">\n\t\t\t\t\t\t\t\t\t<h2><span style=\"color: #dddddd; font-size: 14.08px; font-weight: 400;\">The fanway.tv website uses text tags. so-called  cookies, to authenticate a User, personalize advertisements, Content and analyze traffic on the Website.<\/span><\/h2>\n<p>Cookies do not typically contain any information that personally identifies a User, but personal information that we store may be linked to information stored in and obtained from cookies. For example, thanks to cookies, it is possible to securely log in to the Website and remember a User's settings and choices.<\/p>\n<p>Cookies are stored on a User's device (e.g. a phone, a computer), and a browser sends them to the server when connecting to the fanway.tv website. A cookie file usually contains a name of the website from which it comes, its lifetime, and a unique number of the browser from which the connection is made.<\/p>\n<p>Cookies may be of \"persistent\" or \"session\" type: persistent cookies will be stored by your web browser and will remain valid until their expiry date, unless you delete them before the expiry date; a session cookie expires at the end of a User's session when the web browser is closed.<\/p>\n<p>By using the Website, a User consents to the use of Cookies. Most browsers are set to accept cookies automatically. However, a User can independently change the browser settings so that cookies are blocked. Yet, the User should be aware that after blocking cookies, he or she will not be able to fully use the Website and the Services it offers.<\/p>\n<p><!-- \/wp:paragraph --><\/p>\t\t\t\t\t\t\t\t<\/div>\n\t\t\t\t<\/div>\n\t\t\t\t<\/div>\n\t\t\t\t<\/div>","protected":false},"excerpt":{"rendered":"<p>Serwis fanway.tv wykorzystuje znaczniki tekstowe tzw. ciasteczka (ang. cookies) w celu uwierzytelnienia U\u017cytkownika, personalizowania reklam, Tre\u015bci oraz analizy ruchu na stronach Serwisu. Pliki cookie zazwyczaj nie zawieraj\u0105 \u017cadnych informacji identyfikuj\u0105cych U\u017cytkownika, ale dane osobowe, kt\u00f3re przechowujemy na jego temat, mog\u0105 by\u0107 powi\u0105zane z informacjami przechowywanymi w plikach cookie i uzyskiwanymi z nich. Na przyk\u0142ad, dzi\u0119ki&#8230;<\/p>","protected":false},"author":1,"featured_media":0,"parent":0,"menu_order":0,"comment_status":"closed","ping_status":"closed","template":"","meta":{"_monsterinsights_skip_tracking":false,"_monsterinsights_sitenote_active":false,"_monsterinsights_sitenote_note":"","_monsterinsights_sitenote_category":0,"footnotes":""},"class_list":["post-3809","page","type-page","status-publish","hentry"],"aioseo_notices":[],"_links":{"self":[{"href":"https:\/\/fanway.tv\/en\/wp-json\/wp\/v2\/pages\/3809","targetHints":{"allow":["GET"]}}],"collection":[{"href":"https:\/\/fanway.tv\/en\/wp-json\/wp\/v2\/pages"}],"about":[{"href":"https:\/\/fanway.tv\/en\/wp-json\/wp\/v2\/types\/page"}],"author":[{"embeddable":true,"href":"https:\/\/fanway.tv\/en\/wp-json\/wp\/v2\/users\/1"}],"replies":[{"embeddable":true,"href":"https:\/\/fanway.tv\/en\/wp-json\/wp\/v2\/comments?post=3809"}],"version-history":[{"count":15,"href":"https:\/\/fanway.tv\/en\/wp-json\/wp\/v2\/pages\/3809\/revisions"}],"predecessor-version":[{"id":6864,"href":"https:\/\/fanway.tv\/en\/wp-json\/wp\/v2\/pages\/3809\/revisions\/6864"}],"wp:attachment":[{"href":"https:\/\/fanway.tv\/en\/wp-json\/wp\/v2\/media?parent=3809"}],"curies":[{"name":"wp","href":"https:\/\/api.w.org\/{rel}","templated":true}]}}