{"id":3806,"date":"2024-07-13T09:02:04","date_gmt":"2024-07-13T09:02:04","guid":{"rendered":"https:\/\/streamtest.pl\/?page_id=3806"},"modified":"2025-06-13T19:58:22","modified_gmt":"2025-06-13T18:58:22","slug":"regulamin","status":"publish","type":"page","link":"https:\/\/fanway.tv\/en\/regulamin\/","title":{"rendered":"Terms and conditions"},"content":{"rendered":"<div data-elementor-type=\"wp-page\" data-elementor-id=\"3806\" class=\"elementor elementor-3806\" data-elementor-post-type=\"page\">\n\t\t\t\t<div class=\"elementor-element elementor-element-42f7db9b e-con-full e-flex e-con e-parent\" data-id=\"42f7db9b\" data-element_type=\"container\">\n\t\t\t\t<div class=\"elementor-element elementor-element-1fb97ccb elementor-widget elementor-widget-text-editor\" data-id=\"1fb97ccb\" data-element_type=\"widget\" data-widget_type=\"text-editor.default\">\n\t\t\t\t<div class=\"elementor-widget-container\">\n\t\t\t\t\t\t\t\t\t\n<p>Regulamin okre\u015bla rodzaje, warunki i sposoby korzystania z serwisu internetowego fanway.tv oraz jego zasob\u00f3w. Tre\u015b\u0107 Regulaminu dost\u0119pna jest po klikni\u0119ciu w link \u201eRegulamin\u201d w stopce Serwisu. W stopce znajduj\u0105 si\u0119 te\u017c informacje dot. polityki prywatno\u015bci oraz polityki cookies.<\/p>\n\n<h2>Terminologia<\/h2>\n\n<p>1. <span style=\"text-decoration: underline;\">Serwis<\/span> \u2013 strona internetowa fanway.tv wraz ze wszystkimi Materia\u0142ami Audio-Wideo, a tak\u017ce aplikacje na urz\u0105dzenia mobilne (np. tablet, smartphone) lub inne urz\u0105dzenia zewn\u0119trzne (np. smart TV, set-top-box). U\u017cytkownik uzyskuje dost\u0119p do zasob\u00f3w Serwisu po pod\u0142\u0105czeniu w\/w urz\u0105dze\u0144 do Internetu lub poprzez wej\u015bcie bezpo\u015brednio na stron\u0119 fanway.tv i autoryzacj\u0119.<\/p>\n\n<p>2. <span style=\"text-decoration: underline;\">U\u017cytkownik<\/span> \u2013 osoba fizyczna, kt\u00f3ra korzysta odp\u0142atnie lub nieodp\u0142atnie z Serwisu, jego zasob\u00f3w i us\u0142ug.<\/p>\n\n<p>3. <span style=\"text-decoration: underline;\">Administrator<\/span> \u2013 w\u0142a\u015bciciel i operator Serwisu\u2013 firma Stream Vibes Sp. z o.o. z siedzib\u0105 w Z\u0105bkach, 05-091, ul. Powsta\u0144c\u00f3w 60 lok. 122. NIP 1251707631. Kontakt info@streamvibes.pl. Struktura w\u0142asno\u015bciowa firmy Stream Vibes Sp. z o.o. przedstawia si\u0119 nst. Witold Soko\u0142owski \u2013 95% udzia\u0142\u00f3w, inne osoby \u2013 5% udzia\u0142\u00f3w.<\/p>\n\n<p>4. <span style=\"text-decoration: underline;\">Us\u0142ugi<\/span> \u2013 us\u0142ugi \u015bwiadczone na rzecz U\u017cytkownika przez Administratora, nieodp\u0142atnie lub odp\u0142atnie, zwi\u0105zane z funkcjonowaniem Serwisu, a tak\u017ce us\u0142ugi \u015bwiadczone przez firmy zewn\u0119trzne, w kt\u00f3rych Administrator po\u015bredniczy. W szczeg\u00f3lno\u015bci przez Us\u0142ugi rozumie si\u0119 dost\u0119p do Materia\u0142\u00f3w Audio-Wideo, w tym linearnych kana\u0142\u00f3w telewizyjnych, film\u00f3w, transmisji wideo na \u017cywo oraz tre\u015bci multimedialnych na \u017c\u0105danie.<\/p>\n\n<p>5. <span style=\"text-decoration: underline;\">Operator P\u0142atno\u015bci<\/span> \u2013 system p\u0142atno\u015bci online nale\u017c\u0105cy do firmy Stripe.com z siedzib\u0105 w 354 Oyster Point Boulevard, San Francisco, California, 94103.<\/p>\n\n<p>6. <span style=\"text-decoration: underline;\">Op\u0142ata<\/span> \u2013 kwota pieni\u0119\u017cna wnoszona przez U\u017cytkownika na rzecz Administratora w celu uzyskania dost\u0119pu do Us\u0142ug Serwisu. Technicznym po\u015brednikiem w przekazywaniu Op\u0142at mi\u0119dzy U\u017cytkownikiem a Administratorem Serwisu jest Operator P\u0142atno\u015bci.<\/p>\n\n<p>7. <span style=\"text-decoration: underline;\">Tre\u015bci<\/span> \u2013 materia\u0142y tekstowe, graficzne oraz audio-wideo dost\u0119pne w Serwisie, zwane tak\u017ce zasobami Serwisu.<\/p>\n\n<p>8. <span style=\"text-decoration: underline;\">Materia\u0142 Audio-Wideo<\/span> \u2013 materia\u0142 audiowizualny udost\u0119pniany w technice przesy\u0142u strumieniowego (ang. streaming lub progressive download). Przyk\u0142adem Materia\u0142u Audio-Wideo mo\u017ce by\u0107 nagranie wideo z wydarzenia sportowego, linearny kana\u0142 telewizyjny lub transmisja z wydarzenia na \u017cywo.<\/p>\n\n<p>9. <span style=\"text-decoration: underline;\">Umowa<\/span> \u2013 umowa zawarta przez przyst\u0105pienie pomi\u0119dzy U\u017cytkownikiem a Administratorem o tre\u015bci okre\u015blonej w niniejszym Regulaminie.<\/p>\n\n<p>10. <span style=\"text-decoration: underline;\">Terytorium<\/span> \u2013 obszar, na kt\u00f3rym Administrator \u015bwiadczy Us\u0142ugi. Administrator \u015bwiadczy us\u0142ugi Serwisu na terenie Rzeczpospolitej Polskiej.<\/p>\n\n<p>11. <span style=\"text-decoration: underline;\">Kana\u0142y Komunikacji<\/span> \u2013 formy komunikacji, takie jak adres email lub numer telefonu udost\u0119pnione w Serwisie przez U\u017cytkownika na potrzeby kontaktu mi\u0119dzy U\u017cytkownikiem, a Administratorem.<\/p>\n\n<p>12. <span style=\"text-decoration: underline;\">Autoryzacja<\/span> \u2013 sprawdzenie uprawnie\u0144 U\u017cytkownika w zakresie dost\u0119pu U\u017cytkownika do Tre\u015bci Serwisu.<\/p>\n\n<p>13. <span style=\"text-decoration: underline;\">Plan Abonencki<\/span> \u2013 op\u0142acony przez U\u017cytkownika pakiet Us\u0142ug upowa\u017cniaj\u0105cy U\u017cytkownika do skorzystania z tych Us\u0142ug na okre\u015blonych warunkach.<\/p>\n<h2>Prawa Autorskie<\/h2>\n<p>1. Tre\u015bci i Us\u0142ugi udost\u0119pniane w Serwisie podlegaj\u0105 ochronie prawnej zgodnie z przepisami obowi\u0105zuj\u0105cego prawa.<\/p>\n<p>2. Maj\u0105tkowe prawa autorskie do Tre\u015bci w Serwisie nale\u017c\u0105 do Administratora oraz do dostawc\u00f3w Tre\u015bci wsp\u00f3\u0142pracuj\u0105cych z Serwisem. W Serwisie znajduje si\u0119 informacja o \u017ar\u00f3dle pochodzenia Tre\u015bci np. nazwa kana\u0142u telewizyjnego, nazwa w\u0142a\u015bciciela praw autorskich, nazwa nadawcy.<\/p>\n<p>3. U\u017cytkownik mo\u017ce korzysta\u0107 z Tre\u015bci Serwisu jedynie na u\u017cytek osobisty i w celach niekomercyjnych.<\/p>\n<p>4. U\u017cytkownik nie nabywa praw autorskich do Tre\u015bci, nie mo\u017ce zwielokrotnia\u0107, sprzedawa\u0107 lub w inny spos\u00f3b wprowadza\u0107 do obrotu lub rozpowszechnia\u0107 pobranej z Serwisu Tre\u015bci, w ca\u0142o\u015bci b\u0105d\u017a we fragmentach, nie mo\u017ce przesy\u0142a\u0107 lub udost\u0119pnia\u0107 go w systemach i sieciach komputerowych lub jakichkolwiek innych systemach teleinformatycznych bez pisemnej zgody Administratora. Za form\u0119 r\u00f3wnowa\u017cn\u0105 formie pisemnej uznaje si\u0119 uzyskanie zgody za po\u015brednictwem poczty elektronicznej.<\/p>\n<p>5. Maj\u0105tkowe prawa autorskie do element\u00f3w graficznych Serwisu, rozwi\u0105za\u0144 technicznych, kodu HTML, arkuszy CSS, skrypt\u00f3w JavaScript itp. przys\u0142uguj\u0105 Administratorowi. Jedyny wyj\u0105tek stanowi\u0105 elementy zamieszczone w Serwisie na licencjach wolnego i otwartego oprogramowania.<\/p>\n<h2>Us\u0142ugi i p\u0142atno\u015bci<\/h2>\n<p>1. Dost\u0119p do Tre\u015bci i Us\u0142ug w Serwisie mo\u017ce mie\u0107 charakter nieodp\u0142atny lub odp\u0142atny.<\/p>\n<p>2. Dost\u0119p do Tre\u015bci i Us\u0142ug w Serwisie w przypadku Us\u0142ug odp\u0142atnych ma charakter okresowy i liczony jest od momentu zaksi\u0119gowania Op\u0142aty za Us\u0142ug\u0119 na koncie Administratora. W przypadku Plan\u00f3w Abonenckich czas dost\u0119pu wynosi 1 (s\u0142ownie: jeden) miesi\u0105c rozliczeniowy. W przypadku Materia\u0142\u00f3w Audio-Wideo na \u017c\u0105danie czas dost\u0119pu do Tre\u015bci mo\u017ce by\u0107 ograniczony do czasu trwania transmisji na \u017cywo lub na inny czas ustalony przez Administratora z dostawc\u0105 Tre\u015bci lub w\u0142a\u015bcicielem praw autorskich.<\/p>\n<p>3. Dost\u0119p do Tre\u015bci i Us\u0142ug w Serwisie w przypadku Us\u0142ug nieodp\u0142atnych nie jest ograniczony czasowo. Przy czym, Administrator zastrzega sobie prawo do zmiany charakteru Us\u0142ugi nieodp\u0142atnej na odp\u0142atn\u0105 bez wcze\u015bniejszego powiadomienia.<\/p>\n<p>4. Administrator mo\u017ce \u015bwiadczy\u0107 dost\u0119p do Us\u0142ug w Serwisie za pomoc\u0105 kod\u00f3w promocyjnych, bez konieczno\u015bci wniesienia Op\u0142aty przez U\u017cytkownika. Kod promocyjny mo\u017ce by\u0107 przekazany U\u017cytkownikowi zar\u00f3wno przez Administratora, jak i osoby trzecie, b\u0119d\u0105ce partnerem biznesowym Serwisu.<\/p>\n<p>5. Administrator zastrzega sobie prawo ograniczenia dost\u0119pu do Tre\u015bci ze wzgl\u0119du na wiek U\u017cytkownika lub Terytorium, na kt\u00f3rym korzysta z Serwisu.<\/p>\n<p>6. Aby uzyska\u0107 dost\u0119p do odp\u0142atnych Us\u0142ug Serwisu wymagana jest rejestracja i wniesienie Op\u0142aty za po\u015brednictwem operatora P\u0142atno\u015bci. Dost\u0119p do us\u0142ug nieodp\u0142atnych wymaga rejestracji U\u017cytkownika w Serwisie, bez konieczno\u015bci wniesienia Op\u0142aty.<\/p>\n<p>7. Op\u0142aty dokonuje si\u0119 kart\u0105 kredytow\u0105, przelewem online lub w inny spos\u00f3b aktualnie dost\u0119pny u Operatora P\u0142atno\u015bci. Wielko\u015b\u0107 Op\u0142aty, zakres Us\u0142ugi i czas dost\u0119pu do Us\u0142ugi s\u0105 ka\u017cdorazowo zdefiniowane w opisie danej Us\u0142ugi.<\/p>\n<p>8. Po prawid\u0142owej rejestracji i prawid\u0142owym zaksi\u0119gowaniu Op\u0142aty U\u017cytkownik uzyskuje dost\u0119p do Us\u0142ugi. Ka\u017cdorazowo U\u017cytkownik otrzymuje wiadomo\u015b\u0107 email potwierdzaj\u0105c\u0105 uprawnienia do skorzystania z danej Us\u0142ugi.<\/p>\n<p>9. Po zako\u0144czeniu dost\u0119pu do Us\u0142ug odp\u0142atnych U\u017cytkownik samodzielnie dokonuje przed\u0142u\u017cenia dost\u0119pu do tych Us\u0142ug na kolejny okres rozliczeniowy. W przeciwnym razie dost\u0119p do Us\u0142ug w Serwisie zostanie ograniczony do Us\u0142ug nieodp\u0142atnych. Dost\u0119p do Us\u0142ug w serwisie nie jest przed\u0142u\u017cany automatycznie.<\/p>\n<p>10. Administrator zastrzega sobie prawo do zmiany zakresu Tre\u015bci dost\u0119pnych w Serwisie na bie\u017c\u0105co na podstawie bezpo\u015brednich uzgodnie\u0144 Administratora z dostawcami tre\u015bci np. nadawcami telewizyjnymi, bez wcze\u015bniejszego powiadomienia U\u017cytkownika.<\/p>\n<p>11. Administrator zastrzega sobie prawo do zmiany parametr\u00f3w technicznych Tre\u015bci dost\u0119pnych w Serwisie np. rozdzielczo\u015bci, czy bitrate Materia\u0142\u00f3w Audio-Wideo bez wcze\u015bniejszego powiadomienia U\u017cytkownika.<\/p>\n<p>12. Administrator zastrzega sobie prawo do zmiany wysoko\u015bci oraz sposobu wnoszenia Op\u0142at za Us\u0142ugi dost\u0119pne w Serwisie. Zmieniona wysoko\u015b\u0107 Op\u0142aty obowi\u0105zuje od momentu opublikowania jej na stronie danej Us\u0142ugi i nie wymaga wcze\u015bniejszego powiadomienia U\u017cytkownika, ale jest wi\u0105\u017c\u0105ca dla U\u017cytkownika dopiero od kolejnego okresu rozliczeniowego.<\/p>\n<p>13. Korzystanie z poszczeg\u00f3lnych Us\u0142ug mo\u017ce zosta\u0107 obj\u0119te postanowieniami regulamin\u00f3w szczeg\u00f3\u0142owych. W takiej sytuacji korzystanie z Us\u0142ugi uzale\u017cnione jest od akceptacji przez U\u017cytkownika zar\u00f3wno niniejszego Regulaminu, jak i odpowiedniego regulaminu szczeg\u00f3\u0142owego.<\/p>\n<p>14. Administrator zastrzega sobie prawo ograniczenia dost\u0119pu do Us\u0142ug i Tre\u015bci dla U\u017cytkownika do okre\u015blonej liczby urz\u0105dze\u0144 zale\u017cnie od Planu Abonenckiego wybranego przez U\u017cytkownika.<\/p>\n<p>15. Administrator zastrzega sobie prawo do przeniesienia swoich praw i obowi\u0105zk\u00f3w zwi\u0105zanych ze \u015bwiadczeniem Us\u0142ug w Serwisie na inny podmiot.<\/p>\n<h2>Rezygnacje i Reklamacje<\/h2>\n<p>1. U\u017cytkownik ma prawo zrezygnowa\u0107 z ka\u017cdej Us\u0142ugi.<\/p>\n<p>2. W przypadku odst\u0105pienia od odp\u0142atnej Us\u0142ugi U\u017cytkownikowi przys\u0142uguje zwrot dokonanej Op\u0142aty w wysoko\u015bci pomniejszonej o warto\u015b\u0107 dotychczas zrealizowanej Us\u0142ugi.<\/p>\n<p>3. Reklamacje dotycz\u0105ce nieprawid\u0142owo\u015bci w funkcjonowaniu Us\u0142ug U\u017cytkownik powinien zg\u0142osi\u0107 Administratorowi za po\u015brednictwem poczty elektronicznej z podaniem daty, godziny wyst\u0105pienia oraz szczeg\u00f3\u0142owego opisu problemu i Us\u0142ugi, kt\u00f3rej dotyczy w terminie 7 dni od dnia wyst\u0105pienia nieprawid\u0142owo\u015bci. Reklamacje zg\u0142oszone po tym terminie nie b\u0119d\u0105 rozpatrywane.<\/p>\n<p>4.\u00a0Prawid\u0142owo zg\u0142oszona Reklamacja zostanie rozpatrzona w ci\u0105gu 14 dni roboczych liczonych od daty zg\u0142oszenia, za\u015b w przypadkach szczeg\u00f3lnie skomplikowanych w ci\u0105gu 30 dni roboczych, gdy Administrator uzna, \u017ce do oceny Reklamacji niezb\u0119dne s\u0105 dodatkowe informacje lub dzia\u0142ania.<\/p>\n<p>5. U\u017cytkownik i Administrator zobowi\u0105zuj\u0105 si\u0119 rozwi\u0105zywa\u0107 zaistnia\u0142e problemy polubownie. U\u017cytkownik ma jednocze\u015bnie mo\u017cliwo\u015b\u0107 dochodzi\u0107 swych praw na drodze s\u0105dowej.<\/p>\n<h2>Wymagania techniczne<\/h2>\n<p>1. Minimalne zalecane wymogi sprz\u0119towe dla prawid\u0142owego korzystania z Us\u0142ug Serwisu to:<\/p>\n<ul>\n<li>\u0142\u0105cze o przepustowo\u015bci co najmniej 3 Mbit\/s,<\/li>\n<li>przegl\u0105darka Firefox lub Chrome w najnowszej wersji<\/li>\n<li>system operacyjny Windows 10 lub nowszy<\/li>\n<li>w\u0142\u0105czenie obs\u0142ugi technologii Java Script oraz ciasteczek (ang. cookies)<\/li>\n<\/ul>\n<p>2. U\u017cytkownik akceptuje fakt, \u017ce dost\u0119p do Us\u0142ug Serwisu mo\u017ce by\u0107 utrudniony z powodu korzystania z urz\u0105dze\u0144 niespe\u0142niaj\u0105cych w\/w wymogi techniczne i nie b\u0119dzie z tego tytu\u0142u wnosi\u0142 \u017cadnych roszcze\u0144.<\/p>\n<p>3. Kwestie dost\u0119pu do Internetu o odpowiedniej przepustowo\u015bci oraz przygotowania sprz\u0119tu do odtwarzania Tre\u015bci w Serwisie le\u017c\u0105 po stronie U\u017cytkownika i nie s\u0105 przedmiotem Umowy.<\/p>\n<p>4. Administrator nie gwarantuje nieprzerwanej dost\u0119pno\u015bci ani parametr\u00f3w jako\u015bci Us\u0142ug. Parametry jako\u015bci Us\u0142ug, w szczeg\u00f3lno\u015bci Materia\u0142\u00f3w Wideo, s\u0105 uzale\u017cnione od przepustowo\u015bci internetowej sieci po\u015brednicz\u0105cej pomi\u0119dzy Serwisem a U\u017cytkownikiem oraz innych czynnik\u00f3w niezale\u017cnych od Administratora.<\/p>\n<p>5. Administrator zastrzega sobie prawo do okresowego wy\u0142\u0105czenia ca\u0142ego Serwisu lub wybranych Us\u0142ug z przyczyn technicznych, ze wzgl\u0119du na prowadzenie prac konserwacyjnych, bez podania powodu i uprzedniego powiadomienia U\u017cytkownika.<\/p>\n<p>6. Niesprawno\u015b\u0107 urz\u0105dze\u0144 informatycznych U\u017cytkownika, zak\u0142\u00f3cenia w dost\u0119pie do Internetu lub sieci teleinformatycznych nieb\u0119d\u0105cych w gestii Administratora nie stanowi\u0105 podstaw do roszcze\u0144 z tytu\u0142u niewykonania Us\u0142ugi.<\/p>\n<p>7. Administrator nie ponosi odpowiedzialno\u015bci za zmiany w sposobie nadawania kana\u0142\u00f3w telewizyjnych i\/lub ich niedost\u0119pno\u015b\u0107 z przyczyn le\u017c\u0105cych po stronie Nadawc\u00f3w lub z powodu awarii sieci teleinformatycznej po\u015brednicz\u0105cej mi\u0119dzy Nadawcami, a Serwisem.<\/p>\n<p>8. Administrator nie ponosi odpowiedzialno\u015bci za zmiany w sposobie nadawania transmisji wideo na \u017cywo oraz tre\u015bci multimedialnych na \u017c\u0105danie z przyczyn le\u017c\u0105cych po stronie Nadawc\u00f3w lub z powodu awarii sieci teleinformatycznej po\u015brednicz\u0105cej mi\u0119dzy Nadawcami, a Serwisem.<\/p>\n<h2>Odpowiedzialno\u015b\u0107 stron<\/h2>\n<p>1. Administrator o\u015bwiadcza, \u017ce Tre\u015bci znajduj\u0105ce si\u0119 w Serwisie pochodz\u0105 od legalnych nadawc\u00f3w i tw\u00f3rc\u00f3w. Tre\u015bci te nie mog\u0105 by\u0107 przedmiotem jakiejkolwiek odpowiedzialno\u015bci Administratora Serwisu.<\/p>\n<p>2. Administrator Serwisu nie ponosi \u017cadnej odpowiedzialno\u015bci za jakiekolwiek skutki wykorzystania informacji uzyskanych za po\u015brednictwem Serwisu, a w szczeg\u00f3lno\u015bci za decyzje U\u017cytkownika podj\u0119te w oparciu o informacje publikowane w Serwisie.<\/p>\n<p>3. Administrator nie odpowiada za brak dost\u0119pu do zasob\u00f3w Serwisu z powodu awarii w\u0142asnego systemu informatycznego lub sieci telekomunikacyjnych. W przypadku braku dost\u0119pu do Serwisu przez okres d\u0142u\u017cszy ni\u017c 1 (s\u0142ownie: jeden) dzie\u0144 kalendarzowy na wniosek U\u017cytkownika Administrator mo\u017ce wyd\u0142u\u017cy\u0107 dost\u0119p do Serwisu o ten okres.<\/p>\n<p>4. Administrator nie ponosi r\u00f3wnie\u017c odpowiedzialno\u015bci za szkody powsta\u0142e w sprz\u0119cie komputerowym U\u017cytkownika, b\u0105d\u017a w jego danych wynik\u0142e w trakcie korzystania z Serwisu.<\/p>\n<p>5. Administrator nie ponosi odpowiedzialno\u015bci za tre\u015bci reklamowe w Serwisie. Za ich charakter, form\u0119 i rzetelno\u015b\u0107 odpowiadaj\u0105 reklamodawcy.<\/p>\n<p>6. Administrator nie odpowiada za straty finansowe, ani za straty moralne U\u017cytkownika wynik\u0142e z korzystania z Serwisu np. straty wizerunkowe, uszczerbek na honorze itp.<\/p>\n<p>7. Administrator i U\u017cytkownik akceptuj\u0105, ze ka\u017cdorazowo b\u0119d\u0105 d\u0105\u017cy\u0107 do polubownego rozstrzygania kwestii spornych w oparciu o udokumentowane straty, a w ostateczno\u015bci na podstawie prawomocnego orzeczenia s\u0105du.<\/p>\n<p>8. W przypadku szk\u00f3d wyrz\u0105dzonych przez U\u017cytkownika osobom trzecim U\u017cytkownik zobowi\u0105zuje si\u0119 do pe\u0142nego odszkodowania lub zado\u015b\u0107uczynienia na rzecz tych os\u00f3b we w\u0142asnym zakresie i na w\u0142asny rachunek oraz do rekompensaty ewentualnych strat poniesionych z tego tytu\u0142u przez Administratora.<\/p>\n<h2>Programy lojalno\u015bciowe i promocje<\/h2>\n<p>1. Administrator ma prawo udost\u0119pnia\u0107 i zach\u0119ca\u0107 U\u017cytkownika do udzia\u0142u w programach lojalno\u015bciowych i promocjach \u2013 w\u0142asnych i podmiot\u00f3w trzecich.<\/p>\n<p>2. Udzia\u0142 w programach lojalno\u015bciowych i promocjach jest dobrowolny.<\/p>\n<p>3. W zamian za udzia\u0142 w programach lojalno\u015bciowych i promocjach U\u017cytkownik otrzymuje benefity np. nagrody rzeczowe lub punkty. Otrzymane benefity mog\u0105 by\u0107 zamieniane na Us\u0142ugi dost\u0119pne w Serwisie lub produkty i us\u0142ugi oferowane przez osoby trzecie poza Serwisem, przy czym ka\u017cdy program lojalno\u015bciowy i promocja jest definiowany odr\u0119bnym regulaminem.<\/p>\n<p>4. Benefity nie mog\u0105 by\u0107 zbywane na rzecz os\u00f3b trzecich i nie podlegaj\u0105 spieni\u0119\u017ceniu w przypadku rezygnacji lub zablokowaniu dost\u0119pu do Us\u0142ug Serwisu dla U\u017cytkownika.<\/p>\n<h2>Dane osobowe<\/h2>\n<p>1. Serwis gromadzi i przetwarza dane osobowe U\u017cytkownika.<\/p>\n<p>2. Administratorem danych osobowych U\u017cytkownika jest Stream Vibes Sp. z o.o. ul. Powsta\u0144c\u00f3w 60 lok.122, 05-091 Z\u0105bki. W Stream Vibes Sp. z o.o. zosta\u0142 wyznaczony inspektor danych osobowych \u2013 kontakt email: daneosobowe@streamvibes.pl.<\/p>\n<p>3.\u00a0U\u017cytkownik o\u015bwiadcza, \u017ce podane przez niego dane osobowe s\u0105 zgodne z prawd\u0105.<\/p>\n<p>4.\u00a0Administrator o\u015bwiadcza, \u017ce przetwarza dane zgodnie z przepisami Rozporz\u0105dzenia Parlamentu Europejskiego i Rady (UE) 2016\/679 z dnia 27 kwietnia 2016 r. w sprawie ochrony os\u00f3b fizycznych w zwi\u0105zku z przetwarzaniem danych osobowych i w sprawie swobodnego przep\u0142ywu takich danych oraz uchylenia dyrektywy 95\/46\/WE (og\u00f3lne rozporz\u0105dzenie o ochronie danych), art. 6 ust. 1 lit. f RODO i przepis\u00f3w prawa krajowego w zakresie ochrony danych osobowych oraz na zasadach opisanych w Polityce prywatno\u015bci znajduj\u0105cej si\u0119 w stopce Serwisu.<\/p>\n<p>5.\u00a0Dane osobowe U\u017cytkownika b\u0119d\u0105 przechowywane przez 10 lat.<\/p>\n<p>6.\u00a0Administrator o\u015bwiadcza, \u017ce wykorzystuje dane osobowe U\u017cytkownika w celu:<\/p>\n<ul>\n<li>\u015bwiadczenia Us\u0142ug odp\u0142atnych i nieodp\u0142atnych w Serwisie<\/li>\n<li>monitorowania narusze\u0144 prawa lub niniejszego Regulaminu<\/li>\n<li>w celu prowadzenia marketingu bezpo\u015bredniego us\u0142ug w\u0142asnych<\/li>\n<li>z tytu\u0142u udzia\u0142u U\u017cytkownika w programach lojalno\u015bciowych i promocjach<\/li>\n<\/ul>\n<p>7. Akceptuj\u0105c niniejszy Regulamin U\u017cytkownik wyra\u017ca zgod\u0119 na otrzymywanie informacji promocyjnych zwi\u0105zanych z Serwisem, a tak\u017ce program\u00f3w lojalno\u015bciowych i promocji za po\u015brednictwem poczty elektronicznej, numeru telefonu U\u017cytkownika lub w aplikacji.<\/p>\n<p>8.\u00a0U\u017cytkownik ma prawo domaga\u0107 si\u0119 usuni\u0119cia swoich danych z Serwisu, ich zmiany lub ograniczenia zakresu przetwarzania. Usuni\u0119cie danych nast\u0105pi po przes\u0142aniu do Administratora poczt\u0105 elektroniczn\u0105 na adres daneosobowe@streamvibes.pl stosownego \u017c\u0105dania wraz z podaniem, kt\u00f3rych danych osobowych dotycz\u0105.<\/p>\n<p>9.\u00a0U\u017cytkownikowi przys\u0142uguje tak\u017ce prawo do wniesienia sprzeciwu wobec przetwarzania jego danych osobowych oraz do wniesienia skargi do organu nadzorczego w\u0142a\u015bciwego w sprawie ochrony danych osobowych, tj. Prezesa Urz\u0119du Ochrony Danych.<\/p>\n<p>10.\u00a0Administrator zastrzega sobie prawo do usuni\u0119cia danych U\u017cytkownika w ca\u0142o\u015bci lub w cz\u0119\u015bci w trybie natychmiastowym, bez uprzedzenia, w przypadku podj\u0119cia przez niego dzia\u0142a\u0144 szkodliwych wymierzonych przeciwko innym U\u017cytkownikom lub Serwisowi. W szczeg\u00f3lno\u015bci dotyczy to pr\u00f3b odczytania hase\u0142 dost\u0119powych, w\u0142amania na stron\u0119, zamieszczania skrypt\u00f3w i plik\u00f3w wykonywalnych, zamieszczania plik\u00f3w lub tre\u015bci chronionych prawem autorskim oraz generowania sztucznego ruchu na stronie powoduj\u0105cego nadmierne obci\u0105\u017cenie serwera, a tak\u017ce publicznego odtwarzania i udost\u0119pniania Tre\u015bci z Serwisu.<\/p>\n<p>11.\u00a0Usuni\u0119cie danych U\u017cytkownika z Serwisu oznacza tak\u017ce, \u017ce niemo\u017cliwym staje si\u0119 \u015bwiadczenie Us\u0142ug na rzecz U\u017cytkownika w ca\u0142o\u015bci lub w cz\u0119\u015bci, w tym Us\u0142ug odp\u0142atnych.<\/p>\n<p>12.\u00a0W przypadku usuni\u0119cia danych U\u017cytkownika z powodu naruszenia przez niego postanowie\u0144 Regulaminu U\u017cytkownikowi nie przys\u0142uguje zwrot poniesionych Op\u0142at za niezrealizowane Us\u0142ugi.<\/p>\n<h2>Rejestracja i Konto U\u017cytkownika<\/h2>\n<p>1. Dost\u0119p do Us\u0142ug w Serwisie przez U\u017cytkownika wymaga rejestracji. Dotyczy to zar\u00f3wno Us\u0142ug odp\u0142atnych, jak i nieodp\u0142atnych, program\u00f3w lojalno\u015bciowych i promocji w Serwisie.<\/p>\n<p>2. U\u017cytkownik jest uprawniony do za\u0142o\u017cenia tylko jednego Konta U\u017cytkownika z wykorzystaniem jednego adresu email. Za\u0142o\u017cenie wi\u0119cej ni\u017c jednego Konta przez tego samego U\u017cytkownika jest niedozwolone i stanowi naruszenie niniejszego Regulaminu.<\/p>\n<p>3. U\u017cytkownik ponosi pe\u0142n\u0105 odpowiedzialno\u015b\u0107 za dost\u0119p i ochron\u0119 swojego Konta, w szczeg\u00f3lno\u015bci za ochron\u0119 danych dost\u0119powych do Konta np. adresu email, numeru telefonu i has\u0142a dost\u0119powego.<\/p>\n<p>4. U\u017cytkownik zobowi\u0105zuje si\u0119 niezw\u0142ocznie powiadomi\u0107 Administratora Serwisu o ka\u017cdym nieuprawnionym u\u017cyciu jego Konta.<\/p>\n<p>5. U\u017cytkownik jest odpowiedzialny za wszelkie dzia\u0142ania przeprowadzone z wykorzystaniem jego Konta oraz za wynik\u0142e z tego tytu\u0142u szkody i zobowi\u0105zuje si\u0119 ponie\u015b\u0107 wszelkie konsekwencje prawne i finansowe oraz zrekompensowa\u0107 w\/w szkody wobec Administratora, innych U\u017cytkownik\u00f3w i os\u00f3b trzecich.<\/p>\n<p>6. U\u017cytkownik zobowi\u0105zuje si\u0119 nie u\u017cycza\u0107 danych dost\u0119powych do swojego Konta osobom trzecim i jest \u015bwiadomy, \u017ce stanowi to naruszenie Regulaminu.<\/p>\n<h2>Postanowienia ko\u0144cowe<\/h2>\n<p>1. Informacje o zmianach Regulaminu zostan\u0105 niezw\u0142ocznie og\u0142oszone w Serwisie.<\/p>\n<p>2. W przypadku braku akceptacji Regulaminu po zmianach U\u017cytkownik ma obowi\u0105zek odst\u0105pi\u0107 od Umowy w trybie natychmiastowym. Dalsze korzystanie z Serwisu jest r\u00f3wnoznaczne z akceptacj\u0105 Regulaminu.<\/p>\n<p>3. U\u017cytkownik powinien poinformowa\u0107 Administratora o rozwi\u0105zaniu Umowy za po\u015brednictwem poczty elektronicznej na email info@streamvibes.pl. Niez\u0142o\u017cenie takiego o\u015bwiadczenia w terminie 14 dni od daty wprowadzenia zmian w Regulaminie lub dalsze korzystanie z Us\u0142ug Serwisu r\u00f3wnoznaczne jest z akceptacj\u0105 nowego Regulaminu.<\/p>\n<p>4.\u00a0W sprawach nieuregulowanych w niniejszym Regulaminie stosuje si\u0119 przepisy prawa polskiego, w szczeg\u00f3lno\u015bci ustawy o \u015bwiadczeniu us\u0142ug drog\u0105 elektroniczn\u0105, ustawy prawo telekomunikacyjne, ustawy o ochronie danych osobowych, ustawy o prawie autorskim i prawach pokrewnych oraz ustawy o zwalczaniu nieuczciwej konkurencji.<\/p>\n<p>5.\u00a0Regulamin jest dost\u0119pny na stronie fanway.tv oraz na \u017cyczenie U\u017cytkownika w formie umo\u017cliwiaj\u0105cej jego pobranie.<\/p>\n<p>6.\u00a0Regulamin wchodzi w \u017cycie z dniem 1.06.2025r.<\/p>\n\t\t\t\t\t\t\t\t<\/div>\n\t\t\t\t<\/div>\n\t\t\t\t<\/div>\n\t\t\t\t<\/div>","protected":false},"excerpt":{"rendered":"<p>Regulamin okre\u015bla rodzaje, warunki i sposoby korzystania z serwisu internetowego fanway.tv oraz jego zasob\u00f3w. Tre\u015b\u0107 Regulaminu dost\u0119pna jest po klikni\u0119ciu w link \u201eRegulamin\u201d w stopce Serwisu. W stopce znajduj\u0105 si\u0119 te\u017c informacje dot. polityki prywatno\u015bci oraz polityki cookies. Terminologia 1. Serwis \u2013 strona internetowa fanway.tv wraz ze wszystkimi Materia\u0142ami Audio-Wideo, a tak\u017ce aplikacje na urz\u0105dzenia&#8230;<\/p>","protected":false},"author":1,"featured_media":0,"parent":0,"menu_order":0,"comment_status":"closed","ping_status":"closed","template":"","meta":{"_monsterinsights_skip_tracking":false,"_monsterinsights_sitenote_active":false,"_monsterinsights_sitenote_note":"","_monsterinsights_sitenote_category":0,"footnotes":""},"class_list":["post-3806","page","type-page","status-publish","hentry"],"aioseo_notices":[],"_links":{"self":[{"href":"https:\/\/fanway.tv\/en\/wp-json\/wp\/v2\/pages\/3806","targetHints":{"allow":["GET"]}}],"collection":[{"href":"https:\/\/fanway.tv\/en\/wp-json\/wp\/v2\/pages"}],"about":[{"href":"https:\/\/fanway.tv\/en\/wp-json\/wp\/v2\/types\/page"}],"author":[{"embeddable":true,"href":"https:\/\/fanway.tv\/en\/wp-json\/wp\/v2\/users\/1"}],"replies":[{"embeddable":true,"href":"https:\/\/fanway.tv\/en\/wp-json\/wp\/v2\/comments?post=3806"}],"version-history":[{"count":52,"href":"https:\/\/fanway.tv\/en\/wp-json\/wp\/v2\/pages\/3806\/revisions"}],"predecessor-version":[{"id":6865,"href":"https:\/\/fanway.tv\/en\/wp-json\/wp\/v2\/pages\/3806\/revisions\/6865"}],"wp:attachment":[{"href":"https:\/\/fanway.tv\/en\/wp-json\/wp\/v2\/media?parent=3806"}],"curies":[{"name":"wp","href":"https:\/\/api.w.org\/{rel}","templated":true}]}}