{"id":3793,"date":"2024-07-12T22:48:30","date_gmt":"2024-07-12T22:48:30","guid":{"rendered":"https:\/\/streamtest.pl\/?page_id=3793"},"modified":"2024-11-02T11:16:20","modified_gmt":"2024-11-02T11:16:20","slug":"pilka","status":"publish","type":"page","link":"https:\/\/fanway.tv\/en\/pilka\/","title":{"rendered":"Ball"},"content":{"rendered":"<div data-elementor-type=\"wp-page\" data-elementor-id=\"3793\" class=\"elementor elementor-3793\" data-elementor-post-type=\"page\">\n\t\t\t\t\t\t<section class=\"elementor-section elementor-top-section elementor-element elementor-element-f9c8fbe elementor-section-full_width hide-heading-control elementor-section-height-default elementor-section-height-default\" data-id=\"f9c8fbe\" data-element_type=\"section\">\n\t\t\t\t\t\t<div class=\"elementor-container elementor-column-gap-no\">\n\t\t\t\t\t<div class=\"elementor-column elementor-col-100 elementor-top-column elementor-element elementor-element-ffb4735\" data-id=\"ffb4735\" data-element_type=\"column\">\n\t\t\t<div class=\"elementor-widget-wrap elementor-element-populated\">\n\t\t\t\t\t\t<div class=\"elementor-element elementor-element-559330a elementor-widget elementor-widget-beeteam368_slider_addon\" data-id=\"559330a\" data-element_type=\"widget\" data-widget_type=\"beeteam368_slider_addon.default\">\n\t\t\t\t<div class=\"elementor-widget-container\">\n\t\t\t\t\t<div class=\"top-section-title has-icon\">\r\n                            <span class=\"beeteam368-icon-item\" ><i class=\"fas fa-bolt\"><\/i><\/span><a href=\"\/en\/mecze\/\" class=\"sub-title-link\"  ><span class=\"sub-title font-main\" >Wszystkie dyscypliny<\/span><\/a>\r\n                            <h2 class=\"h1 h3-mobile main-title-heading\" >                            \r\n                                <span class=\"main-title\">Last games<\/span> <span class=\"hd-line\" ><\/span>\r\n                            <\/h2>\r\n                        <\/div>                        <div id=\"beeteam368_slider_353271776271059\" class=\"swiper beeteam368-slider-container container-silder-style-alyssa\">\r\n\r\n                            <div class=\"swiper-wrapper blog-wrapper global-slider-wrapper site__row blog-style-alyssa  is-fw-mode\">\r\n                                                                    <div class=\"swiper-slide site__col\">\r\n                                        <article  class=\"post-item site__col flex-row-control post-550 vidmov_video type-vidmov_video status-publish has-post-thumbnail hentry tag-boks vidmov_video_category-kanaly-tv vidmov_video_category-kanaly-tv-sport\">\n    <div class=\"post-item-wrap flex-column-control\">\n\n        \n        <div class=\"post-featured-image\" ><div class=\"beeteam368-bt-to-img flex-row-control flex-vertical-middle dark-mode first-show\"><span class=\"membership-icon font-size-12 flex-vertical-middle\" data-plan-id=\"3\"><i class=\"fas fa-crown\"><\/i>&nbsp;&nbsp;<span>TV Connoisseur<\/span><\/span><span class=\"membership-icon font-size-12 flex-vertical-middle\" data-plan-id=\"2\"><i class=\"fas fa-crown\"><\/i>&nbsp;&nbsp;<span>TV Fan<\/span><\/span><\/div><a data-post-id=\"550\" data-post-type=\"vidmov_video\" href=\"https:\/\/fanway.tv\/en\/videos\/fightime-hd\/\" title=\"Fightime\" class=\"blog-img-link blog-img-link-control\"><img fetchpriority=\"high\" decoding=\"async\" width=\"420\" height=\"237\" src=\"https:\/\/fanway.tv\/wp-content\/uploads\/2021\/12\/7c.-Szablon_Live-Kanal-TV_poziomo_fightime-420x237.jpg\" class=\"blog-img\" alt=\"Fightime HD\" srcset=\"https:\/\/fanway.tv\/wp-content\/uploads\/2021\/12\/7c.-Szablon_Live-Kanal-TV_poziomo_fightime-420x237.jpg 420w, https:\/\/fanway.tv\/wp-content\/uploads\/2021\/12\/7c.-Szablon_Live-Kanal-TV_poziomo_fightime-416x234.jpg 416w, https:\/\/fanway.tv\/wp-content\/uploads\/2021\/12\/7c.-Szablon_Live-Kanal-TV_poziomo_fightime-300x169.jpg 300w, https:\/\/fanway.tv\/wp-content\/uploads\/2021\/12\/7c.-Szablon_Live-Kanal-TV_poziomo_fightime-1024x576.jpg 1024w, https:\/\/fanway.tv\/wp-content\/uploads\/2021\/12\/7c.-Szablon_Live-Kanal-TV_poziomo_fightime-768x432.jpg 768w, https:\/\/fanway.tv\/wp-content\/uploads\/2021\/12\/7c.-Szablon_Live-Kanal-TV_poziomo_fightime-1536x864.jpg 1536w, https:\/\/fanway.tv\/wp-content\/uploads\/2021\/12\/7c.-Szablon_Live-Kanal-TV_poziomo_fightime-18x10.jpg 18w, https:\/\/fanway.tv\/wp-content\/uploads\/2021\/12\/7c.-Szablon_Live-Kanal-TV_poziomo_fightime-1600x900.jpg 1600w, https:\/\/fanway.tv\/wp-content\/uploads\/2021\/12\/7c.-Szablon_Live-Kanal-TV_poziomo_fightime-800x450.jpg 800w, https:\/\/fanway.tv\/wp-content\/uploads\/2021\/12\/7c.-Szablon_Live-Kanal-TV_poziomo_fightime-1320x743.jpg 1320w, https:\/\/fanway.tv\/wp-content\/uploads\/2021\/12\/7c.-Szablon_Live-Kanal-TV_poziomo_fightime.jpg 1920w\" sizes=\"(max-width: 420px) 100vw, 420px\" \/><\/a><div class=\"beeteam368-bt-ft-img second-show flex-row-control flex-vertical-middle tiny-icons dark-mode\"><a class=\"beeteam368-icon-item reg-log-popup-control\" href=\"https:\/\/fanway.tv\/en\/main-login\/\" data-note=\"Sign in to add posts to watch later.\" data-id=\"550\">\r\n                        <i class=\"fas fa-clock\"><\/i>\r\n                    <\/a><\/div><div class=\"beeteam368-bt-ft-img first-show flex-row-control flex-vertical-middle\"><span class=\"label-icon sales-count font-size-12\"><i class=\"fas fa-chart-line\"><\/i>&nbsp;&nbsp; 0<\/span><\/div><\/div>\n        \n                <h3 class=\"entry-title post-title max-2lines h4-mobile\">\n            <a class=\"post-listing-title\" href=\"https:\/\/fanway.tv\/en\/videos\/fightime-hd\/\" title=\"Fightime\">Fightime<\/a>\n        <\/h3>\n    \n        \n                    <div class=\"posted-on ft-post-meta font-meta font-meta-size-12 tiny-icons flex-row-control\">\n                <div class=\"post-lt-ft-left flex-row-control flex-vertical-middle\">\n                <a href=\"https:\/\/fanway.tv\/en\/videos\/fightime-hd\/#comments\" class=\"post-footer-item post-lt-comments post-lt-comment-control\">\n                <span class=\"beeteam368-icon-item small-item\"><i class=\"fas fa-comment-dots\"><\/i><\/span><span class=\"item-number\">0<\/span>\n                <span class=\"item-text\">comments<\/span>\n            <\/a>            <\/div>            <\/div>\n            \n    <\/div>\n<\/article>                                    <\/div>\r\n                                                                    <div class=\"swiper-slide site__col\">\r\n                                        <article  class=\"post-item site__col flex-row-control post-557 vidmov_video type-vidmov_video status-publish has-post-thumbnail hentry tag-auto-moto tag-futbol-amerykanski tag-muay-thai vidmov_video_category-kanaly-tv vidmov_video_category-kanaly-tv-sport\">\n    <div class=\"post-item-wrap flex-column-control\">\n\n        \n        <div class=\"post-featured-image\" ><div class=\"beeteam368-bt-to-img flex-row-control flex-vertical-middle dark-mode first-show\"><span class=\"membership-icon font-size-12 flex-vertical-middle\" data-plan-id=\"7\"><i class=\"fas fa-crown\"><\/i>&nbsp;&nbsp;<span>Free<\/span><\/span><\/div><a data-post-id=\"557\" data-post-type=\"vidmov_video\" href=\"https:\/\/fanway.tv\/en\/videos\/spotowa-tv\/\" title=\"Sportowa.tv\" class=\"blog-img-link blog-img-link-control\"><img decoding=\"async\" width=\"420\" height=\"237\" src=\"https:\/\/fanway.tv\/wp-content\/uploads\/2021\/12\/7c.-Szablon_Live-Kanal-TV_poziomo-420x237.jpg\" class=\"blog-img\" alt=\"Sportowa.tv\" srcset=\"https:\/\/fanway.tv\/wp-content\/uploads\/2021\/12\/7c.-Szablon_Live-Kanal-TV_poziomo-420x237.jpg 420w, https:\/\/fanway.tv\/wp-content\/uploads\/2021\/12\/7c.-Szablon_Live-Kanal-TV_poziomo-416x234.jpg 416w, https:\/\/fanway.tv\/wp-content\/uploads\/2021\/12\/7c.-Szablon_Live-Kanal-TV_poziomo-300x169.jpg 300w, https:\/\/fanway.tv\/wp-content\/uploads\/2021\/12\/7c.-Szablon_Live-Kanal-TV_poziomo-1024x576.jpg 1024w, https:\/\/fanway.tv\/wp-content\/uploads\/2021\/12\/7c.-Szablon_Live-Kanal-TV_poziomo-768x432.jpg 768w, https:\/\/fanway.tv\/wp-content\/uploads\/2021\/12\/7c.-Szablon_Live-Kanal-TV_poziomo-1536x864.jpg 1536w, https:\/\/fanway.tv\/wp-content\/uploads\/2021\/12\/7c.-Szablon_Live-Kanal-TV_poziomo-18x10.jpg 18w, https:\/\/fanway.tv\/wp-content\/uploads\/2021\/12\/7c.-Szablon_Live-Kanal-TV_poziomo-1600x900.jpg 1600w, https:\/\/fanway.tv\/wp-content\/uploads\/2021\/12\/7c.-Szablon_Live-Kanal-TV_poziomo-800x450.jpg 800w, https:\/\/fanway.tv\/wp-content\/uploads\/2021\/12\/7c.-Szablon_Live-Kanal-TV_poziomo-1320x743.jpg 1320w, https:\/\/fanway.tv\/wp-content\/uploads\/2021\/12\/7c.-Szablon_Live-Kanal-TV_poziomo.jpg 1920w\" sizes=\"(max-width: 420px) 100vw, 420px\" \/><\/a><div class=\"beeteam368-bt-ft-img second-show flex-row-control flex-vertical-middle tiny-icons dark-mode\"><a class=\"beeteam368-icon-item reg-log-popup-control\" href=\"https:\/\/fanway.tv\/en\/main-login\/\" data-note=\"Sign in to add posts to watch later.\" data-id=\"557\">\r\n                        <i class=\"fas fa-clock\"><\/i>\r\n                    <\/a><\/div><div class=\"beeteam368-bt-ft-img first-show flex-row-control flex-vertical-middle\"><span class=\"label-icon sales-count font-size-12\"><i class=\"fas fa-chart-line\"><\/i>&nbsp;&nbsp; 1<\/span><\/div><\/div>\n        \n                <h3 class=\"entry-title post-title max-2lines h4-mobile\">\n            <a class=\"post-listing-title\" href=\"https:\/\/fanway.tv\/en\/videos\/spotowa-tv\/\" title=\"Sportowa.tv\">Sportowa.tv<\/a>\n        <\/h3>\n    \n        \n                    <div class=\"posted-on ft-post-meta font-meta font-meta-size-12 tiny-icons flex-row-control\">\n                <div class=\"post-lt-ft-left flex-row-control flex-vertical-middle\">\n                <a href=\"https:\/\/fanway.tv\/en\/videos\/spotowa-tv\/#comments\" class=\"post-footer-item post-lt-comments post-lt-comment-control\">\n                <span class=\"beeteam368-icon-item small-item\"><i class=\"fas fa-comment-dots\"><\/i><\/span><span class=\"item-number\">0<\/span>\n                <span class=\"item-text\">comments<\/span>\n            <\/a>            <\/div>            <\/div>\n            \n    <\/div>\n<\/article>                                    <\/div>\r\n                                                            <\/div>\r\n\r\n                            <div class=\"slider-button-prev\"><i class=\"fas fa-long-arrow-alt-left\"><\/i><\/div>\r\n                            <div class=\"slider-button-next\"><i class=\"fas fa-long-arrow-alt-right\"><\/i><\/div>\r\n\t\t\t\t\t\t\t\r\n                            <div class=\"swiper-pagination\"><\/div>\r\n                        <\/div>\r\n                    \r\n                    <script type=\"module\">\r\n\r\n                        if(document.getElementById('swiper-css') === null){\r\n                            document.head.innerHTML += '<link id=\"swiper-css\" rel=\"stylesheet\" href=\"https:\/\/fanway.tv\/wp-content\/themes\/vidmov\/js\/swiper-slider\/swiper-bundle.min.css\" media=\"all\">';\r\n                        }\r\n\r\n                        import Swiper from 'https:\/\/fanway.tv\/wp-content\/themes\/vidmov\/js\/swiper-slider\/swiper-bundle.esm.browser.min.js';\r\n\r\n                        var beeteam368_slider_353271776271059_params = {\"navigation\":{\"nextEl\":\".slider-button-next\",\"prevEl\":\".slider-button-prev\"},\"pagination\":{\"el\":\".swiper-pagination\",\"clickable\":true,\"type\":\"progressbar\"},\"breakpoints\":{\"0\":{\"slidesPerView\":1,\"spaceBetween\":20},\"768\":{\"slidesPerView\":2,\"spaceBetween\":20},\"992\":{\"slidesPerView\":3,\"spaceBetween\":20},\"1200\":{\"slidesPerView\":3,\"spaceBetween\":30},\"1670\":{\"slidesPerView\":4,\"spaceBetween\":30},\"2200\":{\"slidesPerView\":5,\"spaceBetween\":30}},\"freeMode\":{\"enabled\":true,\"sticky\":true}};\r\n\r\n                        \r\n                        const beeteam368_slider_353271776271059 = new Swiper('#beeteam368_slider_353271776271059', beeteam368_slider_353271776271059_params);\r\n\r\n                    <\/script>\r\n\r\n                    \t\t\t\t<\/div>\n\t\t\t\t<\/div>\n\t\t\t\t\t<\/div>\n\t\t<\/div>\n\t\t\t\t\t<\/div>\n\t\t<\/section>\n\t\t\t\t<section class=\"elementor-section elementor-top-section elementor-element elementor-element-28d2203 elementor-section-boxed elementor-section-height-default elementor-section-height-default\" data-id=\"28d2203\" data-element_type=\"section\">\n\t\t\t\t\t\t<div class=\"elementor-container elementor-column-gap-no\">\n\t\t\t\t\t<div class=\"elementor-column elementor-col-100 elementor-top-column elementor-element elementor-element-1976cc0\" data-id=\"1976cc0\" data-element_type=\"column\">\n\t\t\t<div class=\"elementor-widget-wrap\">\n\t\t\t\t\t\t\t<\/div>\n\t\t<\/div>\n\t\t\t\t\t<\/div>\n\t\t<\/section>\n\t\t\t\t<section class=\"elementor-section elementor-top-section elementor-element elementor-element-1563fa0 elementor-section-boxed elementor-section-height-default elementor-section-height-default\" data-id=\"1563fa0\" data-element_type=\"section\">\n\t\t\t\t\t\t<div class=\"elementor-container elementor-column-gap-no\">\n\t\t\t\t\t<div class=\"elementor-column elementor-col-100 elementor-top-column elementor-element elementor-element-b8986e3\" data-id=\"b8986e3\" data-element_type=\"column\">\n\t\t\t<div class=\"elementor-widget-wrap elementor-element-populated\">\n\t\t\t\t\t\t<div class=\"elementor-element elementor-element-b67a083 elementor-widget elementor-widget-beeteam368_block_addon\" data-id=\"b67a083\" data-element_type=\"widget\" data-widget_type=\"beeteam368_block_addon.default\">\n\t\t\t\t<div class=\"elementor-widget-container\">\n\t\t\t\t\t<div class=\"top-block-header-wrapper beeteam368-single-filters site__row flex-row-control flex-vertical-middle flex-row-space-between\"><div class=\"site__col\"><div class=\"top-section-title has-icon\"><span class=\"beeteam368-icon-item\" ><i class=\"fas fa-futbol\"><\/i><\/span><a href=\"\/en\/pilka-nozna\/\" class=\"sub-title-link\"  ><span class=\"sub-title font-main\" >All games<\/span><\/a><h2 class=\"h1 h3-mobile main-title-heading\" >                            \r\n\t\t\t\t\t\t<span class=\"main-title\">Soccer<\/span> <span class=\"hd-line\" ><\/span>\r\n\t\t\t\t\t<\/h2><\/div><\/div><\/div>\t\t\t\t<\/div>\n\t\t\t\t<\/div>\n\t\t\t\t<div class=\"elementor-element elementor-element-2afa5b9 elementor-widget elementor-widget-beeteam368_block_addon\" data-id=\"2afa5b9\" data-element_type=\"widget\" data-widget_type=\"beeteam368_block_addon.default\">\n\t\t\t\t<div class=\"elementor-widget-container\">\n\t\t\t\t\t<div class=\"top-block-header-wrapper beeteam368-single-filters site__row flex-row-control flex-vertical-middle flex-row-space-between\"><div class=\"site__col\"><div class=\"top-section-title has-icon\"><span class=\"beeteam368-icon-item\" ><i class=\"fas fa-baseball-ball\"><\/i><\/span><a href=\"\/en\/pilka-reczna\/\" class=\"sub-title-link\"  ><span class=\"sub-title font-main\" >All games<\/span><\/a><h2 class=\"h1 h3-mobile main-title-heading\" >                            \r\n\t\t\t\t\t\t<span class=\"main-title\">Handball<\/span> <span class=\"hd-line\" ><\/span>\r\n\t\t\t\t\t<\/h2><\/div><\/div><\/div>\t\t\t\t<\/div>\n\t\t\t\t<\/div>\n\t\t\t\t<div class=\"elementor-element elementor-element-9175a01 elementor-widget elementor-widget-beeteam368_block_addon\" data-id=\"9175a01\" data-element_type=\"widget\" data-widget_type=\"beeteam368_block_addon.default\">\n\t\t\t\t<div class=\"elementor-widget-container\">\n\t\t\t\t\t<div class=\"top-block-header-wrapper beeteam368-single-filters site__row flex-row-control flex-vertical-middle flex-row-space-between\"><div class=\"site__col\"><div class=\"top-section-title has-icon\"><span class=\"beeteam368-icon-item\" ><i class=\"fas fa-volleyball-ball\"><\/i><\/span><a href=\"\/en\/siatkowka\/\" class=\"sub-title-link\"  ><span class=\"sub-title font-main\" >All games<\/span><\/a><h2 class=\"h1 h3-mobile main-title-heading\" >                            \r\n\t\t\t\t\t\t<span class=\"main-title\">Volleyball<\/span> <span class=\"hd-line\" ><\/span>\r\n\t\t\t\t\t<\/h2><\/div><\/div><\/div>\t\t\t\t<\/div>\n\t\t\t\t<\/div>\n\t\t\t\t<div class=\"elementor-element elementor-element-e90028b elementor-widget elementor-widget-beeteam368_block_addon\" data-id=\"e90028b\" data-element_type=\"widget\" data-widget_type=\"beeteam368_block_addon.default\">\n\t\t\t\t<div class=\"elementor-widget-container\">\n\t\t\t\t\t<div class=\"top-block-header-wrapper beeteam368-single-filters site__row flex-row-control flex-vertical-middle flex-row-space-between\"><div class=\"site__col\"><div class=\"top-section-title has-icon\"><span class=\"beeteam368-icon-item\" ><i class=\"fas fa-football-ball\"><\/i><\/span><a href=\"\/en\/rugby\/\" class=\"sub-title-link\"  ><span class=\"sub-title font-main\" >All games<\/span><\/a><h2 class=\"h1 h3-mobile main-title-heading\" >                            \r\n\t\t\t\t\t\t<span class=\"main-title\">Rugby<\/span> <span class=\"hd-line\" ><\/span>\r\n\t\t\t\t\t<\/h2><\/div><\/div><\/div>\t\t\t\t<\/div>\n\t\t\t\t<\/div>\n\t\t\t\t<div class=\"elementor-element elementor-element-0b675e6 elementor-widget elementor-widget-beeteam368_block_addon\" data-id=\"0b675e6\" data-element_type=\"widget\" data-widget_type=\"beeteam368_block_addon.default\">\n\t\t\t\t<div class=\"elementor-widget-container\">\n\t\t\t\t\t<div class=\"top-block-header-wrapper beeteam368-single-filters site__row flex-row-control flex-vertical-middle flex-row-space-between\"><div class=\"site__col\"><div class=\"top-section-title has-icon\"><span class=\"beeteam368-icon-item\" ><i class=\"fas fa-football-ball\"><\/i><\/span><a href=\"\/en\/futbol-amerykanski\/\" class=\"sub-title-link\"  ><span class=\"sub-title font-main\" >All games<\/span><\/a><h2 class=\"h1 h3-mobile main-title-heading\" >                            \r\n\t\t\t\t\t\t<span class=\"main-title\">American football<\/span> <span class=\"hd-line\" ><\/span>\r\n\t\t\t\t\t<\/h2><\/div><\/div><\/div>\t\t\t\t<\/div>\n\t\t\t\t<\/div>\n\t\t\t\t<div class=\"elementor-element elementor-element-8c88d30 elementor-widget elementor-widget-beeteam368_block_addon\" data-id=\"8c88d30\" data-element_type=\"widget\" data-widget_type=\"beeteam368_block_addon.default\">\n\t\t\t\t<div class=\"elementor-widget-container\">\n\t\t\t\t\t<div class=\"top-block-header-wrapper beeteam368-single-filters site__row flex-row-control flex-vertical-middle flex-row-space-between\"><div class=\"site__col\"><div class=\"top-section-title has-icon\"><span class=\"beeteam368-icon-item\" ><i class=\"fas fa-basketball-ball\"><\/i><\/span><a href=\"\/en\/koszykowka\/\" class=\"sub-title-link\"  ><span class=\"sub-title font-main\" >All games<\/span><\/a><h2 class=\"h1 h3-mobile main-title-heading\" >                            \r\n\t\t\t\t\t\t<span class=\"main-title\">Basketball<\/span> <span class=\"hd-line\" ><\/span>\r\n\t\t\t\t\t<\/h2><\/div><\/div><\/div>\t\t\t\t<\/div>\n\t\t\t\t<\/div>\n\t\t\t\t<div class=\"elementor-element elementor-element-604a28b elementor-widget elementor-widget-beeteam368_block_addon\" data-id=\"604a28b\" data-element_type=\"widget\" data-widget_type=\"beeteam368_block_addon.default\">\n\t\t\t\t<div class=\"elementor-widget-container\">\n\t\t\t\t\t<div class=\"top-block-header-wrapper beeteam368-single-filters site__row flex-row-control flex-vertical-middle flex-row-space-between\"><div class=\"site__col\"><div class=\"top-section-title has-icon\"><span class=\"beeteam368-icon-item\" ><i class=\"fas fa-bullseye\"><\/i><\/span><a href=\"\/en\/inne\/\" class=\"sub-title-link\"  ><span class=\"sub-title font-main\" >All games<\/span><\/a><h2 class=\"h1 h3-mobile main-title-heading\" >                            \r\n\t\t\t\t\t\t<span class=\"main-title\">Other<\/span> <span class=\"hd-line\" ><\/span>\r\n\t\t\t\t\t<\/h2><\/div><\/div><\/div>\t\t\t\t<\/div>\n\t\t\t\t<\/div>\n\t\t\t\t\t<\/div>\n\t\t<\/div>\n\t\t\t\t\t<\/div>\n\t\t<\/section>\n\t\t\t\t<\/div>","protected":false},"excerpt":{"rendered":"<p>Wszystkie dyscypliny Ostatnie mecze &nbsp;&nbsp; 0 Powo\u0142ania pi\u0142karskie przy polu golfowym &#8211; G\u0142osem Paszkiewicza #22 0 reactions 0 comments No Image Available &nbsp;&nbsp; 13 Mobile Official Season 13 Winter War Trailer 0 reactions 0 comments No Image Available &nbsp;&nbsp; 0 Season Three Battle Pass Trailer 0 reactions 0 comments No Image Available &nbsp;&nbsp; 0 Black&#8230;<\/p>","protected":false},"author":1,"featured_media":0,"parent":0,"menu_order":0,"comment_status":"closed","ping_status":"closed","template":"page-templates\/blank-page-template.php","meta":{"_monsterinsights_skip_tracking":false,"_monsterinsights_sitenote_active":false,"_monsterinsights_sitenote_note":"","_monsterinsights_sitenote_category":0,"footnotes":""},"class_list":["post-3793","page","type-page","status-publish","hentry"],"aioseo_notices":[],"_links":{"self":[{"href":"https:\/\/fanway.tv\/en\/wp-json\/wp\/v2\/pages\/3793","targetHints":{"allow":["GET"]}}],"collection":[{"href":"https:\/\/fanway.tv\/en\/wp-json\/wp\/v2\/pages"}],"about":[{"href":"https:\/\/fanway.tv\/en\/wp-json\/wp\/v2\/types\/page"}],"author":[{"embeddable":true,"href":"https:\/\/fanway.tv\/en\/wp-json\/wp\/v2\/users\/1"}],"replies":[{"embeddable":true,"href":"https:\/\/fanway.tv\/en\/wp-json\/wp\/v2\/comments?post=3793"}],"version-history":[{"count":188,"href":"https:\/\/fanway.tv\/en\/wp-json\/wp\/v2\/pages\/3793\/revisions"}],"predecessor-version":[{"id":5621,"href":"https:\/\/fanway.tv\/en\/wp-json\/wp\/v2\/pages\/3793\/revisions\/5621"}],"wp:attachment":[{"href":"https:\/\/fanway.tv\/en\/wp-json\/wp\/v2\/media?parent=3793"}],"curies":[{"name":"wp","href":"https:\/\/api.w.org\/{rel}","templated":true}]}}