{"id":3768,"date":"2024-07-12T20:58:31","date_gmt":"2024-07-12T20:58:31","guid":{"rendered":"https:\/\/streamtest.pl\/?page_id=3768"},"modified":"2024-10-21T13:51:36","modified_gmt":"2024-10-21T13:51:36","slug":"audycje","status":"publish","type":"page","link":"https:\/\/fanway.tv\/en\/audycje\/","title":{"rendered":"Broadcast"},"content":{"rendered":"<div data-elementor-type=\"wp-page\" data-elementor-id=\"3768\" class=\"elementor elementor-3768\" data-elementor-post-type=\"page\">\n\t\t\t\t\t\t<section class=\"elementor-section elementor-top-section elementor-element elementor-element-7c5b8a8 elementor-section-boxed elementor-section-height-default elementor-section-height-default\" data-id=\"7c5b8a8\" data-element_type=\"section\">\n\t\t\t\t\t\t<div class=\"elementor-container elementor-column-gap-no\">\n\t\t\t\t\t<div class=\"elementor-column elementor-col-100 elementor-top-column elementor-element elementor-element-c176166\" data-id=\"c176166\" data-element_type=\"column\">\n\t\t\t<div class=\"elementor-widget-wrap elementor-element-populated\">\n\t\t\t\t\t\t<div class=\"elementor-element elementor-element-7075459 hide-heading-control elementor-widget elementor-widget-beeteam368_slider_addon\" data-id=\"7075459\" data-element_type=\"widget\" data-widget_type=\"beeteam368_slider_addon.default\">\n\t\t\t\t<div class=\"elementor-widget-container\">\n\t\t\t\t\t<div class=\"top-section-title has-icon\">\r\n                            <span class=\"beeteam368-icon-item\" ><i class=\"fas fa-blog\"><\/i><\/span><a href=\"\/en\/audycje\/\" class=\"sub-title-link\"  ><span class=\"sub-title font-main\" >Wszystie audycje<\/span><\/a>\r\n                            <h2 class=\"h1 h3-mobile main-title-heading\" >                            \r\n                                <span class=\"main-title\">Last TV shows<\/span> <span class=\"hd-line\" ><\/span>\r\n                            <\/h2>\r\n                        <\/div>\t\t\t\t<\/div>\n\t\t\t\t<\/div>\n\t\t\t\t\t<\/div>\n\t\t<\/div>\n\t\t\t\t\t<\/div>\n\t\t<\/section>\n\t\t\t\t<section class=\"elementor-section elementor-top-section elementor-element elementor-element-afdcbdd elementor-section-boxed elementor-section-height-default elementor-section-height-default\" data-id=\"afdcbdd\" data-element_type=\"section\">\n\t\t\t\t\t\t<div class=\"elementor-container elementor-column-gap-no\">\n\t\t\t\t\t<div class=\"elementor-column elementor-col-100 elementor-top-column elementor-element elementor-element-fdf09e4\" data-id=\"fdf09e4\" data-element_type=\"column\">\n\t\t\t<div class=\"elementor-widget-wrap elementor-element-populated\">\n\t\t\t\t\t\t<div class=\"elementor-element elementor-element-3adae6d elementor-widget elementor-widget-beeteam368_slider_addon\" data-id=\"3adae6d\" data-element_type=\"widget\" data-widget_type=\"beeteam368_slider_addon.default\">\n\t\t\t\t<div class=\"elementor-widget-container\">\n\t\t\t\t\t<div class=\"top-section-title has-icon\">\r\n                            <span class=\"beeteam368-icon-item\" ><i class=\"fas fa-video\"><\/i><\/span><a href=\"\/en\/informacje-sportowe\/\" class=\"sub-title-link\"  ><span class=\"sub-title font-main\" >All news<\/span><\/a>\r\n                            <h2 class=\"h1 h3-mobile main-title-heading\" >                            \r\n                                <span class=\"main-title\">News<\/span> <span class=\"hd-line\" ><\/span>\r\n                            <\/h2>\r\n                        <\/div>\t\t\t\t<\/div>\n\t\t\t\t<\/div>\n\t\t\t\t\t<\/div>\n\t\t<\/div>\n\t\t\t\t\t<\/div>\n\t\t<\/section>\n\t\t\t\t<section class=\"elementor-section elementor-top-section elementor-element elementor-element-bd51d9b elementor-section-boxed elementor-section-height-default elementor-section-height-default\" data-id=\"bd51d9b\" data-element_type=\"section\">\n\t\t\t\t\t\t<div class=\"elementor-container elementor-column-gap-no\">\n\t\t\t\t\t<div class=\"elementor-column elementor-col-100 elementor-top-column elementor-element elementor-element-7f6a828\" data-id=\"7f6a828\" data-element_type=\"column\">\n\t\t\t<div class=\"elementor-widget-wrap elementor-element-populated\">\n\t\t\t\t\t\t<div class=\"elementor-element elementor-element-996c171 elementor-widget elementor-widget-beeteam368_slider_addon\" data-id=\"996c171\" data-element_type=\"widget\" data-widget_type=\"beeteam368_slider_addon.default\">\n\t\t\t\t<div class=\"elementor-widget-container\">\n\t\t\t\t\t<div class=\"top-section-title has-icon\">\r\n                            <span class=\"beeteam368-icon-item\" ><i class=\"fas fa-plug\"><\/i><\/span><a href=\"\/en\/magazyny-sportowe\/\" class=\"sub-title-link\"  ><span class=\"sub-title font-main\" >All magazines<\/span><\/a>\r\n                            <h2 class=\"h1 h3-mobile main-title-heading\" >                            \r\n                                <span class=\"main-title\">Magazines<\/span> <span class=\"hd-line\" ><\/span>\r\n                            <\/h2>\r\n                        <\/div>\t\t\t\t<\/div>\n\t\t\t\t<\/div>\n\t\t\t\t\t<\/div>\n\t\t<\/div>\n\t\t\t\t\t<\/div>\n\t\t<\/section>\n\t\t\t\t<section class=\"elementor-section elementor-top-section elementor-element elementor-element-62e3843 elementor-section-boxed elementor-section-height-default elementor-section-height-default\" data-id=\"62e3843\" data-element_type=\"section\">\n\t\t\t\t\t\t<div class=\"elementor-container elementor-column-gap-no\">\n\t\t\t\t\t<div class=\"elementor-column elementor-col-100 elementor-top-column elementor-element elementor-element-2722cdb\" data-id=\"2722cdb\" data-element_type=\"column\">\n\t\t\t<div class=\"elementor-widget-wrap elementor-element-populated\">\n\t\t\t\t\t\t<div class=\"elementor-element elementor-element-8ec4c2a elementor-widget elementor-widget-beeteam368_slider_addon\" data-id=\"8ec4c2a\" data-element_type=\"widget\" data-widget_type=\"beeteam368_slider_addon.default\">\n\t\t\t\t<div class=\"elementor-widget-container\">\n\t\t\t\t\t<div class=\"top-section-title has-icon\">\r\n                            <span class=\"beeteam368-icon-item\" ><i class=\"fas fa-quote-left\"><\/i><\/span><a href=\"\/en\/wideo-felietony\/\" class=\"sub-title-link\"  ><span class=\"sub-title font-main\" >All reports<\/span><\/a>\r\n                            <h2 class=\"h1 h3-mobile main-title-heading\" >                            \r\n                                <span class=\"main-title\">Reports<\/span> <span class=\"hd-line\" ><\/span>\r\n                            <\/h2>\r\n                        <\/div>\t\t\t\t<\/div>\n\t\t\t\t<\/div>\n\t\t\t\t<div class=\"elementor-element elementor-element-0ad6229 elementor-widget elementor-widget-beeteam368_slider_addon\" data-id=\"0ad6229\" data-element_type=\"widget\" data-widget_type=\"beeteam368_slider_addon.default\">\n\t\t\t\t<div class=\"elementor-widget-container\">\n\t\t\t\t\t<div class=\"top-section-title has-icon\">\r\n                            <span class=\"beeteam368-icon-item\" ><i class=\"fas fa-theater-masks\"><\/i><\/span><a href=\"\/en\/publicystyka-sportowa\/\" class=\"sub-title-link\"  ><span class=\"sub-title font-main\" >All talk shows<\/span><\/a>\r\n                            <h2 class=\"h1 h3-mobile main-title-heading\" >                            \r\n                                <span class=\"main-title\">Talk show<\/span> <span class=\"hd-line\" ><\/span>\r\n                            <\/h2>\r\n                        <\/div>\t\t\t\t<\/div>\n\t\t\t\t<\/div>\n\t\t\t\t\t<\/div>\n\t\t<\/div>\n\t\t\t\t\t<\/div>\n\t\t<\/section>\n\t\t\t\t<section class=\"elementor-section elementor-top-section elementor-element elementor-element-1a15376 elementor-section-boxed elementor-section-height-default elementor-section-height-default\" data-id=\"1a15376\" data-element_type=\"section\">\n\t\t\t\t\t\t<div class=\"elementor-container elementor-column-gap-no\">\n\t\t\t\t\t<div class=\"elementor-column elementor-col-100 elementor-top-column elementor-element elementor-element-c25b812\" data-id=\"c25b812\" data-element_type=\"column\">\n\t\t\t<div class=\"elementor-widget-wrap elementor-element-populated\">\n\t\t\t\t\t\t<div class=\"elementor-element elementor-element-433bb73 elementor-widget elementor-widget-beeteam368_slider_addon\" data-id=\"433bb73\" data-element_type=\"widget\" data-widget_type=\"beeteam368_slider_addon.default\">\n\t\t\t\t<div class=\"elementor-widget-container\">\n\t\t\t\t\t<div class=\"top-section-title has-icon\">\r\n                            <span class=\"beeteam368-icon-item\" ><i class=\"fas fa-hand-scissors\"><\/i><\/span><a href=\"\/en\/skroty\/\" class=\"sub-title-link\"  ><span class=\"sub-title font-main\" >All shorts<\/span><\/a>\r\n                            <h2 class=\"h1 h3-mobile main-title-heading\" >                            \r\n                                <span class=\"main-title\">Shorts<\/span> <span class=\"hd-line\" ><\/span>\r\n                            <\/h2>\r\n                        <\/div>\t\t\t\t<\/div>\n\t\t\t\t<\/div>\n\t\t\t\t\t<\/div>\n\t\t<\/div>\n\t\t\t\t\t<\/div>\n\t\t<\/section>\n\t\t\t\t<section class=\"elementor-section elementor-top-section elementor-element elementor-element-4b5b394 elementor-section-boxed elementor-section-height-default elementor-section-height-default\" data-id=\"4b5b394\" data-element_type=\"section\">\n\t\t\t\t\t\t<div class=\"elementor-container elementor-column-gap-no\">\n\t\t\t\t\t<div class=\"elementor-column elementor-col-100 elementor-top-column elementor-element elementor-element-cebdcb9\" data-id=\"cebdcb9\" data-element_type=\"column\">\n\t\t\t<div class=\"elementor-widget-wrap elementor-element-populated\">\n\t\t\t\t\t\t<div class=\"elementor-element elementor-element-e1b276c elementor-widget elementor-widget-beeteam368_slider_addon\" data-id=\"e1b276c\" data-element_type=\"widget\" data-widget_type=\"beeteam368_slider_addon.default\">\n\t\t\t\t<div class=\"elementor-widget-container\">\n\t\t\t\t\t<div class=\"top-section-title has-icon\">\r\n                            <span class=\"beeteam368-icon-item\" ><i class=\"fas fa-microphone\"><\/i><\/span><a href=\"\/en\/wywiady\/\" class=\"sub-title-link\"  ><span class=\"sub-title font-main\" >All interviews<\/span><\/a>\r\n                            <h2 class=\"h1 h3-mobile main-title-heading\" >                            \r\n                                <span class=\"main-title\">Interviews<\/span> <span class=\"hd-line\" ><\/span>\r\n                            <\/h2>\r\n                        <\/div>\t\t\t\t<\/div>\n\t\t\t\t<\/div>\n\t\t\t\t\t<\/div>\n\t\t<\/div>\n\t\t\t\t\t<\/div>\n\t\t<\/section>\n\t\t\t\t<\/div>","protected":false},"excerpt":{"rendered":"<p>Wszystie audycje Ostatnie audycje October 20, 2024 Flash news 10\/2024 0 reactions 0 comments October 20, 2024 Flash news 09\/2024 0 reactions 0 comments October 19, 2024 Futsalowe rozmowy #36 &#8211; Wiktor Grzywaczewski (Gwiazda Ruda \u015al\u0105ska) 0 reactions 0 comments October 19, 2024 Futsalowe rozmowy #35 &#8211; Mi\u0142osz Kocot (Szczeci\u0144ska Akademia Futsalu) 0 reactions 0&#8230;<\/p>","protected":false},"author":1,"featured_media":0,"parent":0,"menu_order":0,"comment_status":"closed","ping_status":"closed","template":"page-templates\/blank-page-template.php","meta":{"_monsterinsights_skip_tracking":false,"_monsterinsights_sitenote_active":false,"_monsterinsights_sitenote_note":"","_monsterinsights_sitenote_category":0,"footnotes":""},"class_list":["post-3768","page","type-page","status-publish","hentry"],"aioseo_notices":[],"_links":{"self":[{"href":"https:\/\/fanway.tv\/en\/wp-json\/wp\/v2\/pages\/3768","targetHints":{"allow":["GET"]}}],"collection":[{"href":"https:\/\/fanway.tv\/en\/wp-json\/wp\/v2\/pages"}],"about":[{"href":"https:\/\/fanway.tv\/en\/wp-json\/wp\/v2\/types\/page"}],"author":[{"embeddable":true,"href":"https:\/\/fanway.tv\/en\/wp-json\/wp\/v2\/users\/1"}],"replies":[{"embeddable":true,"href":"https:\/\/fanway.tv\/en\/wp-json\/wp\/v2\/comments?post=3768"}],"version-history":[{"count":146,"href":"https:\/\/fanway.tv\/en\/wp-json\/wp\/v2\/pages\/3768\/revisions"}],"predecessor-version":[{"id":5271,"href":"https:\/\/fanway.tv\/en\/wp-json\/wp\/v2\/pages\/3768\/revisions\/5271"}],"wp:attachment":[{"href":"https:\/\/fanway.tv\/en\/wp-json\/wp\/v2\/media?parent=3768"}],"curies":[{"name":"wp","href":"https:\/\/api.w.org\/{rel}","templated":true}]}}