{"id":2080,"date":"2022-02-04T17:47:52","date_gmt":"2022-02-04T17:47:52","guid":{"rendered":"https:\/\/vm.beeteam368.net\/cancel_payment\/"},"modified":"2025-06-14T16:20:24","modified_gmt":"2025-06-14T15:20:24","slug":"cancel_payment","status":"publish","type":"page","link":"https:\/\/fanway.tv\/en\/cancel_payment\/","title":{"rendered":"Cancel Payment"},"content":{"rendered":"<p>Your payment has not been completed.<br \/>Something went wrong while processing your payment.<\/p>\n\n\n<p><\/p>","protected":false},"excerpt":{"rendered":"<p>Twoja p\u0142atno\u015b\u0107 nie zosta\u0142a doko\u0144czona.Wyst\u0105pi\u0142y problemy z przetworzeniem wp\u0142aty.<\/p>","protected":false},"author":1,"featured_media":0,"parent":0,"menu_order":0,"comment_status":"closed","ping_status":"closed","template":"","meta":{"_monsterinsights_skip_tracking":false,"_monsterinsights_sitenote_active":false,"_monsterinsights_sitenote_note":"","_monsterinsights_sitenote_category":0,"footnotes":""},"class_list":["post-2080","page","type-page","status-publish","hentry"],"aioseo_notices":[],"_links":{"self":[{"href":"https:\/\/fanway.tv\/en\/wp-json\/wp\/v2\/pages\/2080","targetHints":{"allow":["GET"]}}],"collection":[{"href":"https:\/\/fanway.tv\/en\/wp-json\/wp\/v2\/pages"}],"about":[{"href":"https:\/\/fanway.tv\/en\/wp-json\/wp\/v2\/types\/page"}],"author":[{"embeddable":true,"href":"https:\/\/fanway.tv\/en\/wp-json\/wp\/v2\/users\/1"}],"replies":[{"embeddable":true,"href":"https:\/\/fanway.tv\/en\/wp-json\/wp\/v2\/comments?post=2080"}],"version-history":[{"count":2,"href":"https:\/\/fanway.tv\/en\/wp-json\/wp\/v2\/pages\/2080\/revisions"}],"predecessor-version":[{"id":6880,"href":"https:\/\/fanway.tv\/en\/wp-json\/wp\/v2\/pages\/2080\/revisions\/6880"}],"wp:attachment":[{"href":"https:\/\/fanway.tv\/en\/wp-json\/wp\/v2\/media?parent=2080"}],"curies":[{"name":"wp","href":"https:\/\/api.w.org\/{rel}","templated":true}]}}